{"id":4350,"date":"2022-07-26T14:21:21","date_gmt":"2022-07-26T14:21:21","guid":{"rendered":"https:\/\/www.okerel.com\/?page_id=4350"},"modified":"2022-08-02T21:41:10","modified_gmt":"2022-08-02T21:41:10","slug":"hakkimizda","status":"publish","type":"page","link":"https:\/\/www.okerel.com\/en\/hakkimizda\/","title":{"rendered":"about us"},"content":{"rendered":"<section class=\"vc_section\"><div class=\"vc_row wpb_row vc_row-fluid\"><div class=\"wpb_column vc_column_container vc_col-sm-3\"><div class=\"vc_column-inner\"><div class=\"wpb_wrapper\">\n\t<div  class=\"wpb_single_image wpb_content_element vc_align_center\">\n\t\t\n\t\t<figure class=\"wpb_wrapper vc_figure\">\n\t\t\t<div class=\"vc_single_image-wrapper   vc_box_border_grey\"><img width=\"1200\" height=\"800\" src=\"https:\/\/www.okerel.com\/wp-content\/uploads\/2022\/07\/ihracat2.jpg\" class=\"vc_single_image-img attachment-full\" alt=\"\" loading=\"lazy\" srcset=\"https:\/\/www.okerel.com\/wp-content\/uploads\/2022\/07\/ihracat2.jpg 1200w, https:\/\/www.okerel.com\/wp-content\/uploads\/2022\/07\/ihracat2-300x200.jpg 300w, https:\/\/www.okerel.com\/wp-content\/uploads\/2022\/07\/ihracat2-1024x683.jpg 1024w, https:\/\/www.okerel.com\/wp-content\/uploads\/2022\/07\/ihracat2-768x512.jpg 768w\" sizes=\"(max-width: 1200px) 100vw, 1200px\" \/><\/div>\n\t\t<\/figure>\n\t<\/div>\n<\/div><\/div><\/div><div class=\"wpb_column vc_column_container vc_col-sm-9\"><div class=\"vc_column-inner\"><div class=\"wpb_wrapper\">\n\t<div class=\"wpb_text_column wpb_content_element\" >\n\t\t<div class=\"wpb_wrapper\">\n\t\t\t<h2 style=\"text-align: center;\">OKEREL Foreign Trade Joint Stock Company<\/h2>\n<blockquote>\n<p><strong>We Combined Experience with Dynamism<\/strong><\/p>\n<\/blockquote>\n<p>OKEREL Foreign Trade Joint Stock Company, established in 2020, is a company specializing in international trade.<\/p>\n<p>By cooperating with foreign companies that want to supply iron and steel casting, conveyor roller, reducer and valve products manufactured in Turkey, we bring Turkish goods to customers in all world markets.<\/p>\n<p>With our young, dynamic and industry-experienced staff, we save you from all the complexity of international trade.<\/p>\n<p>We use changing technologies, communication tools and business resources effectively so that the services we provide to our customers are always of high standards.<\/p>\n\n\t\t<\/div>\n\t<\/div>\n<\/div><\/div><\/div><\/div><\/section><div class=\"vc_row wpb_row vc_row-fluid\"><div class=\"wpb_column vc_column_container vc_col-sm-9\"><div class=\"vc_column-inner\"><div class=\"wpb_wrapper\">\n\t<div class=\"wpb_text_column wpb_content_element\" >\n\t\t<div class=\"wpb_wrapper\">\n\t\t\t<blockquote>\n<p><strong>We do not compromise on trust and quality<\/strong><\/p>\n<\/blockquote>\n<p>OKEREL D\u0131\u015f Ticaret Anonim \u015eirketi, which aims to expand the foreign trade of our country by establishing connections between the companies engaged in production and sales in various sectors in Turkey and the buyers in foreign countries, <strong>Trust<\/strong> And <strong>Quality<\/strong>It has developed an infrastructure aimed at continuous renewal, which can fulfill customer needs and expectations in the fastest and best way without compromising on<\/p>\n\n\t\t<\/div>\n\t<\/div>\n<\/div><\/div><\/div><div class=\"wpb_column vc_column_container vc_col-sm-3\"><div class=\"vc_column-inner\"><div class=\"wpb_wrapper\">\n\t<div  class=\"wpb_single_image wpb_content_element vc_align_center\">\n\t\t\n\t\t<figure class=\"wpb_wrapper vc_figure\">\n\t\t\t<div class=\"vc_single_image-wrapper   vc_box_border_grey\"><img width=\"2400\" height=\"1073\" src=\"https:\/\/www.okerel.com\/wp-content\/uploads\/2022\/07\/kalite.jpg\" class=\"vc_single_image-img attachment-full\" alt=\"\" loading=\"lazy\" srcset=\"https:\/\/www.okerel.com\/wp-content\/uploads\/2022\/07\/kalite.jpg 2400w, https:\/\/www.okerel.com\/wp-content\/uploads\/2022\/07\/kalite-300x134.jpg 300w, https:\/\/www.okerel.com\/wp-content\/uploads\/2022\/07\/kalite-1024x458.jpg 1024w, https:\/\/www.okerel.com\/wp-content\/uploads\/2022\/07\/kalite-768x343.jpg 768w, https:\/\/www.okerel.com\/wp-content\/uploads\/2022\/07\/kalite-1536x687.jpg 1536w, https:\/\/www.okerel.com\/wp-content\/uploads\/2022\/07\/kalite-2048x916.jpg 2048w\" sizes=\"(max-width: 2400px) 100vw, 2400px\" \/><\/div>\n\t\t<\/figure>\n\t<\/div>\n<\/div><\/div><\/div><\/div><div class=\"vc_row wpb_row vc_row-fluid\"><div class=\"wpb_column vc_column_container vc_col-sm-3\"><div class=\"vc_column-inner\"><div class=\"wpb_wrapper\">\n\t<div  class=\"wpb_single_image wpb_content_element vc_align_center\">\n\t\t\n\t\t<figure class=\"wpb_wrapper vc_figure\">\n\t\t\t<div class=\"vc_single_image-wrapper   vc_box_border_grey\"><img width=\"800\" height=\"600\" src=\"https:\/\/www.okerel.com\/wp-content\/uploads\/2022\/07\/disTicaret3.png\" class=\"vc_single_image-img attachment-full\" alt=\"\" loading=\"lazy\" srcset=\"https:\/\/www.okerel.com\/wp-content\/uploads\/2022\/07\/disTicaret3.png 800w, https:\/\/www.okerel.com\/wp-content\/uploads\/2022\/07\/disTicaret3-300x225.png 300w, https:\/\/www.okerel.com\/wp-content\/uploads\/2022\/07\/disTicaret3-768x576.png 768w\" sizes=\"(max-width: 800px) 100vw, 800px\" \/><\/div>\n\t\t<\/figure>\n\t<\/div>\n<\/div><\/div><\/div><div class=\"wpb_column vc_column_container vc_col-sm-6\"><div class=\"vc_column-inner\"><div class=\"wpb_wrapper\">\n\t<div class=\"wpb_text_column wpb_content_element\" >\n\t\t<div class=\"wpb_wrapper\">\n\t\t\t<blockquote>\n<p><strong>Foreign Trade Fast and Hassle-Free with OKEREL<\/strong><\/p>\n<\/blockquote>\n<p>OKEREL Foreign Trade Joint Stock Company has a wide range of manufacturers and suppliers. We supply the requested products quickly and reliably, contact the manufacturers and deliver the product in the fastest way.<\/p>\n<ul>\n<li>Professional in the field<\/li>\n<li>Young and Dynamic Staff<\/li>\n<li>Strong Technical Knowledge<\/li>\n<li>forward thinking management<\/li>\n<\/ul>\n\n\t\t<\/div>\n\t<\/div>\n<\/div><\/div><\/div><div class=\"wpb_column vc_column_container vc_col-sm-3\"><div class=\"vc_column-inner\"><div class=\"wpb_wrapper\">\n\t<div  class=\"wpb_single_image wpb_content_element vc_align_center\">\n\t\t\n\t\t<figure class=\"wpb_wrapper vc_figure\">\n\t\t\t<div class=\"vc_single_image-wrapper   vc_box_border_grey\"><img width=\"2560\" height=\"1709\" src=\"https:\/\/www.okerel.com\/wp-content\/uploads\/2022\/07\/disTicaret4.jpg\" class=\"vc_single_image-img attachment-full\" alt=\"\" loading=\"lazy\" srcset=\"https:\/\/www.okerel.com\/wp-content\/uploads\/2022\/07\/disTicaret4.jpg 2560w, https:\/\/www.okerel.com\/wp-content\/uploads\/2022\/07\/disTicaret4-300x200.jpg 300w, https:\/\/www.okerel.com\/wp-content\/uploads\/2022\/07\/disTicaret4-1024x684.jpg 1024w, https:\/\/www.okerel.com\/wp-content\/uploads\/2022\/07\/disTicaret4-768x513.jpg 768w, https:\/\/www.okerel.com\/wp-content\/uploads\/2022\/07\/disTicaret4-1536x1025.jpg 1536w, https:\/\/www.okerel.com\/wp-content\/uploads\/2022\/07\/disTicaret4-2048x1367.jpg 2048w\" sizes=\"(max-width: 2560px) 100vw, 2560px\" \/><\/div>\n\t\t<\/figure>\n\t<\/div>\n<\/div><\/div><\/div><\/div>","protected":false},"excerpt":{"rendered":"OKEREL Foreign Trade Joint Stock Company We Combined Experience with Dynamism OKEREL Foreign Trade Joint Stock Company is a company specialized in international trade, founded in 2020. Production in Turkey [...]","protected":false},"author":1,"featured_media":0,"parent":0,"menu_order":0,"comment_status":"closed","ping_status":"closed","template":"","meta":[],"_links":{"self":[{"href":"https:\/\/www.okerel.com\/en\/wp-json\/wp\/v2\/pages\/4350"}],"collection":[{"href":"https:\/\/www.okerel.com\/en\/wp-json\/wp\/v2\/pages"}],"about":[{"href":"https:\/\/www.okerel.com\/en\/wp-json\/wp\/v2\/types\/page"}],"author":[{"embeddable":true,"href":"https:\/\/www.okerel.com\/en\/wp-json\/wp\/v2\/users\/1"}],"replies":[{"embeddable":true,"href":"https:\/\/www.okerel.com\/en\/wp-json\/wp\/v2\/comments?post=4350"}],"version-history":[{"count":10,"href":"https:\/\/www.okerel.com\/en\/wp-json\/wp\/v2\/pages\/4350\/revisions"}],"predecessor-version":[{"id":4455,"href":"https:\/\/www.okerel.com\/en\/wp-json\/wp\/v2\/pages\/4350\/revisions\/4455"}],"wp:attachment":[{"href":"https:\/\/www.okerel.com\/en\/wp-json\/wp\/v2\/media?parent=4350"}],"curies":[{"name":"wp","href":"https:\/\/api.w.org\/{rel}","templated":true}]}}